{"id":697,"date":"2020-07-30T16:08:48","date_gmt":"2020-07-30T16:08:48","guid":{"rendered":"http:\/\/your-hotel-spa-alcobaca.ms.decms.eu\/?page_id=697"},"modified":"2025-05-02T16:35:06","modified_gmt":"2025-05-02T16:35:06","slug":"prix","status":"publish","type":"page","link":"https:\/\/www.yourhotelspa.com\/fr\/senses-restaurant\/prix\/","title":{"rendered":"Prix"},"content":{"rendered":"<p style=\"text-align: left\">Votre H\u00f4tel &amp; Spa Alcoba\u00e7a s&rsquo;est fortement engag\u00e9 aupr\u00e8s du Restaurante Sentidos avec la participation \u00e0 plusieurs comp\u00e9titions et showcookings, non seulement dans la r\u00e9gion mais aussi au niveau national, d\u00e9montrant ainsi le meilleur de la R\u00e9gion Ouest, promouvant non seulement le Restaurant Directions, mais toute la r\u00e9gion.<\/p>\n<p style=\"text-align: center\"><strong>2025<br \/>\n<\/strong><em>Concours du festival du chocolat d&rsquo;\u00d3bidos (cat\u00e9gorie meilleur menu) &#8211; Dipl\u00f4me d&rsquo;Argent<\/em><\/p>\n<p style=\"text-align: center\"><strong>2022<br \/>\n<\/strong><em>Concours des jeunes talents de la gastronomie 2022 (cat\u00e9gorie innovation avec la morue norv\u00e9gienne) &#8211; Top 3<\/em><\/p>\n<p style=\"text-align: center\"><strong>2018<br \/>\n<\/strong><em>Concours gastronomique du Vin de Porto 2018 &#8211; Dipl\u00f4me de bronze<\/em><br \/>\n<em>&lsquo;Revolta do Bacalhau&rsquo; 2018 &#8211; Dipl\u00f4me d\u2019Argent<\/em><\/p>\n<p style=\"text-align: center\"><strong>2017<br \/>\n<\/strong><em>X Concours des Vins Verts et de la Gastronomie 2017 &#8211; Dipl\u00f4me de bronze<\/em><br \/>\n<em>&lsquo;Revolta do Bacalhau&rsquo; 2017 &#8211; Dipl\u00f4me d\u2019Argent<\/em><\/p>\n<p style=\"text-align: center\"><strong>2016<\/strong><br \/>\n<em>IX Concours des Vins Verts et de la Gastronomie 2016 &#8211; Dipl\u00f4me de bronze<\/em><br \/>\n<em>&lsquo;Revolta do Bacalhau&rsquo; 2016 &#8211; Dipl\u00f4me d\u2019Argent<\/em><\/p>\n<p style=\"text-align: center\"><strong>2015<\/strong><br \/>\n<em>IX Concours National de Gastronomie avec le Porto et le Vin du Douro 2015 &#8211; M\u00e9daille d&rsquo;argent<\/em><\/p>\n<p>&nbsp;<\/p>\n","protected":false},"excerpt":{"rendered":"<p>Votre H\u00f4tel &amp; Spa Alcoba\u00e7a s&rsquo;est fortement engag\u00e9 aupr\u00e8s du Restaurante Sentidos avec la participation \u00e0 plusieurs comp\u00e9titions et showcookings, non seulement dans la r\u00e9gion mais aussi au niveau national, d\u00e9montrant ainsi le meilleur de la R\u00e9gion Ouest, promouvant non seulement le Restaurant Directions, mais toute la r\u00e9gion. 2025 Concours du festival du chocolat d&rsquo;\u00d3bidos [&hellip;]<\/p>\n","protected":false},"author":4,"featured_media":0,"parent":690,"menu_order":10,"comment_status":"closed","ping_status":"closed","template":"","meta":{"footnotes":""},"class_list":["post-697","page","type-page","status-publish","hentry"],"yoast_head":"<!-- This site is optimized with the Yoast SEO plugin v26.9 - https:\/\/yoast.com\/product\/yoast-seo-wordpress\/ -->\n<title>Prix - Your Hotel &amp; Spa Alcoba\u00e7a<\/title>\n<meta name=\"robots\" content=\"index, follow, max-snippet:-1, max-image-preview:large, max-video-preview:-1\" \/>\n<link rel=\"canonical\" href=\"https:\/\/www.yourhotelspa.com\/fr\/senses-restaurant\/prix\/\" \/>\n<meta property=\"og:locale\" content=\"fr_FR\" \/>\n<meta property=\"og:type\" content=\"article\" \/>\n<meta property=\"og:title\" content=\"Prix - Your Hotel &amp; Spa Alcoba\u00e7a\" \/>\n<meta property=\"og:description\" content=\"Votre H\u00f4tel &amp; Spa Alcoba\u00e7a s&rsquo;est fortement engag\u00e9 aupr\u00e8s du Restaurante Sentidos avec la participation \u00e0 plusieurs comp\u00e9titions et showcookings, non seulement dans la r\u00e9gion mais aussi au niveau national, d\u00e9montrant ainsi le meilleur de la R\u00e9gion Ouest, promouvant non seulement le Restaurant Directions, mais toute la r\u00e9gion. 2025 Concours du festival du chocolat d&rsquo;\u00d3bidos [&hellip;]\" \/>\n<meta property=\"og:url\" content=\"https:\/\/www.yourhotelspa.com\/fr\/senses-restaurant\/prix\/\" \/>\n<meta property=\"og:site_name\" content=\"Your Hotel &amp; Spa Alcoba\u00e7a\" \/>\n<meta property=\"article:modified_time\" content=\"2025-05-02T16:35:06+00:00\" \/>\n<meta name=\"twitter:card\" content=\"summary_large_image\" \/>\n<meta name=\"twitter:label1\" content=\"Dur\u00e9e de lecture estim\u00e9e\" \/>\n\t<meta name=\"twitter:data1\" content=\"1 minute\" \/>\n<script type=\"application\/ld+json\" class=\"yoast-schema-graph\">{\"@context\":\"https:\/\/schema.org\",\"@graph\":[{\"@type\":\"WebPage\",\"@id\":\"https:\/\/www.yourhotelspa.com\/fr\/senses-restaurant\/prix\/\",\"url\":\"https:\/\/www.yourhotelspa.com\/fr\/senses-restaurant\/prix\/\",\"name\":\"Prix - Your Hotel & Spa Alcoba\u00e7a\",\"isPartOf\":{\"@id\":\"https:\/\/www.yourhotelspa.com\/fr\/#website\"},\"datePublished\":\"2020-07-30T16:08:48+00:00\",\"dateModified\":\"2025-05-02T16:35:06+00:00\",\"breadcrumb\":{\"@id\":\"https:\/\/www.yourhotelspa.com\/fr\/senses-restaurant\/prix\/#breadcrumb\"},\"inLanguage\":\"fr-FR\",\"potentialAction\":[{\"@type\":\"ReadAction\",\"target\":[\"https:\/\/www.yourhotelspa.com\/fr\/senses-restaurant\/prix\/\"]}]},{\"@type\":\"BreadcrumbList\",\"@id\":\"https:\/\/www.yourhotelspa.com\/fr\/senses-restaurant\/prix\/#breadcrumb\",\"itemListElement\":[{\"@type\":\"ListItem\",\"position\":1,\"name\":\"Home\",\"item\":\"https:\/\/www.yourhotelspa.com\/fr\/\"},{\"@type\":\"ListItem\",\"position\":2,\"name\":\"Sentidos Restaurant\",\"item\":\"https:\/\/www.yourhotelspa.com\/fr\/senses-restaurant\/\"},{\"@type\":\"ListItem\",\"position\":3,\"name\":\"Prix\"}]},{\"@type\":\"WebSite\",\"@id\":\"https:\/\/www.yourhotelspa.com\/fr\/#website\",\"url\":\"https:\/\/www.yourhotelspa.com\/fr\/\",\"name\":\"Your Hotel & Spa Alcoba\u00e7a\",\"description\":\"Just another ms.decms.eu site\",\"potentialAction\":[{\"@type\":\"SearchAction\",\"target\":{\"@type\":\"EntryPoint\",\"urlTemplate\":\"https:\/\/www.yourhotelspa.com\/fr\/?s={search_term_string}\"},\"query-input\":{\"@type\":\"PropertyValueSpecification\",\"valueRequired\":true,\"valueName\":\"search_term_string\"}}],\"inLanguage\":\"fr-FR\"}]}<\/script>\n<!-- \/ Yoast SEO plugin. -->","yoast_head_json":{"title":"Prix - Your Hotel & Spa Alcoba\u00e7a","robots":{"index":"index","follow":"follow","max-snippet":"max-snippet:-1","max-image-preview":"max-image-preview:large","max-video-preview":"max-video-preview:-1"},"canonical":"https:\/\/www.yourhotelspa.com\/fr\/senses-restaurant\/prix\/","og_locale":"fr_FR","og_type":"article","og_title":"Prix - Your Hotel & Spa Alcoba\u00e7a","og_description":"Votre H\u00f4tel &amp; Spa Alcoba\u00e7a s&rsquo;est fortement engag\u00e9 aupr\u00e8s du Restaurante Sentidos avec la participation \u00e0 plusieurs comp\u00e9titions et showcookings, non seulement dans la r\u00e9gion mais aussi au niveau national, d\u00e9montrant ainsi le meilleur de la R\u00e9gion Ouest, promouvant non seulement le Restaurant Directions, mais toute la r\u00e9gion. 2025 Concours du festival du chocolat d&rsquo;\u00d3bidos [&hellip;]","og_url":"https:\/\/www.yourhotelspa.com\/fr\/senses-restaurant\/prix\/","og_site_name":"Your Hotel & Spa Alcoba\u00e7a","article_modified_time":"2025-05-02T16:35:06+00:00","twitter_card":"summary_large_image","twitter_misc":{"Dur\u00e9e de lecture estim\u00e9e":"1 minute"},"schema":{"@context":"https:\/\/schema.org","@graph":[{"@type":"WebPage","@id":"https:\/\/www.yourhotelspa.com\/fr\/senses-restaurant\/prix\/","url":"https:\/\/www.yourhotelspa.com\/fr\/senses-restaurant\/prix\/","name":"Prix - Your Hotel & Spa Alcoba\u00e7a","isPartOf":{"@id":"https:\/\/www.yourhotelspa.com\/fr\/#website"},"datePublished":"2020-07-30T16:08:48+00:00","dateModified":"2025-05-02T16:35:06+00:00","breadcrumb":{"@id":"https:\/\/www.yourhotelspa.com\/fr\/senses-restaurant\/prix\/#breadcrumb"},"inLanguage":"fr-FR","potentialAction":[{"@type":"ReadAction","target":["https:\/\/www.yourhotelspa.com\/fr\/senses-restaurant\/prix\/"]}]},{"@type":"BreadcrumbList","@id":"https:\/\/www.yourhotelspa.com\/fr\/senses-restaurant\/prix\/#breadcrumb","itemListElement":[{"@type":"ListItem","position":1,"name":"Home","item":"https:\/\/www.yourhotelspa.com\/fr\/"},{"@type":"ListItem","position":2,"name":"Sentidos Restaurant","item":"https:\/\/www.yourhotelspa.com\/fr\/senses-restaurant\/"},{"@type":"ListItem","position":3,"name":"Prix"}]},{"@type":"WebSite","@id":"https:\/\/www.yourhotelspa.com\/fr\/#website","url":"https:\/\/www.yourhotelspa.com\/fr\/","name":"Your Hotel & Spa Alcoba\u00e7a","description":"Just another ms.decms.eu site","potentialAction":[{"@type":"SearchAction","target":{"@type":"EntryPoint","urlTemplate":"https:\/\/www.yourhotelspa.com\/fr\/?s={search_term_string}"},"query-input":{"@type":"PropertyValueSpecification","valueRequired":true,"valueName":"search_term_string"}}],"inLanguage":"fr-FR"}]}},"acf":[],"_links":{"self":[{"href":"https:\/\/www.yourhotelspa.com\/fr\/wp-json\/wp\/v2\/pages\/697","targetHints":{"allow":["GET"]}}],"collection":[{"href":"https:\/\/www.yourhotelspa.com\/fr\/wp-json\/wp\/v2\/pages"}],"about":[{"href":"https:\/\/www.yourhotelspa.com\/fr\/wp-json\/wp\/v2\/types\/page"}],"author":[{"embeddable":true,"href":"https:\/\/www.yourhotelspa.com\/fr\/wp-json\/wp\/v2\/users\/4"}],"replies":[{"embeddable":true,"href":"https:\/\/www.yourhotelspa.com\/fr\/wp-json\/wp\/v2\/comments?post=697"}],"version-history":[{"count":0,"href":"https:\/\/www.yourhotelspa.com\/fr\/wp-json\/wp\/v2\/pages\/697\/revisions"}],"up":[{"embeddable":true,"href":"https:\/\/www.yourhotelspa.com\/fr\/wp-json\/wp\/v2\/pages\/690"}],"wp:attachment":[{"href":"https:\/\/www.yourhotelspa.com\/fr\/wp-json\/wp\/v2\/media?parent=697"}],"curies":[{"name":"wp","href":"https:\/\/api.w.org\/{rel}","templated":true}]}}