{"id":702,"date":"2020-07-31T08:47:15","date_gmt":"2020-07-31T08:47:15","guid":{"rendered":"http:\/\/your-hotel-spa-alcobaca.ms.decms.eu\/?page_id=702"},"modified":"2021-02-19T16:40:39","modified_gmt":"2021-02-19T16:40:39","slug":"seminaires-et-evenemets","status":"publish","type":"page","link":"https:\/\/www.yourhotelspa.com\/fr\/seminaires-et-evenemets\/","title":{"rendered":"S\u00e9minaires et \u00e8v\u00e8nemets"},"content":{"rendered":"<p>Lorsque nous parlons de l&rsquo;entreprise Your Hotel &#038; Spa Alcoba\u00e7a a la meilleure \u00e9quipe pour planifier, coordonner et r\u00e9aliser des \u00e9v\u00e9nements avec succ\u00e8s . Nous vous donnons l&rsquo; appui n\u00e9cessaire pour organiser leurs \u00e9v\u00e9nements. Les salles de r\u00e9union et les espaces ext\u00e9rieurs sont l&rsquo;un des principaux atouts de l&rsquo;H\u00f4tel, votre \u00e9v\u00e9nement est une conf\u00e9rence, une conf\u00e9rence, un banquet, une simple rencontre, d&rsquo;incitation, de formation, le cycle de r\u00e9union, pr\u00e9sentation de produit, un partie.<\/p>\n","protected":false},"excerpt":{"rendered":"<p>Lorsque nous parlons de l&rsquo;entreprise Your Hotel &#038; Spa Alcoba\u00e7a a la meilleure \u00e9quipe pour planifier, coordonner et r\u00e9aliser des \u00e9v\u00e9nements avec succ\u00e8s . Nous vous donnons l&rsquo; appui n\u00e9cessaire pour organiser leurs \u00e9v\u00e9nements. Les salles de r\u00e9union et les espaces ext\u00e9rieurs sont l&rsquo;un des principaux atouts de l&rsquo;H\u00f4tel, votre \u00e9v\u00e9nement est une conf\u00e9rence, une [&hellip;]<\/p>\n","protected":false},"author":4,"featured_media":0,"parent":0,"menu_order":60,"comment_status":"closed","ping_status":"closed","template":"template-meetings.php","meta":{"footnotes":""},"class_list":["post-702","page","type-page","status-publish","hentry"],"yoast_head":"<!-- This site is optimized with the Yoast SEO plugin v26.9 - https:\/\/yoast.com\/product\/yoast-seo-wordpress\/ -->\n<title>S\u00e9minaires et \u00e8v\u00e8nemets - Your Hotel &amp; Spa Alcoba\u00e7a<\/title>\n<meta name=\"robots\" content=\"index, follow, max-snippet:-1, max-image-preview:large, max-video-preview:-1\" \/>\n<link rel=\"canonical\" href=\"https:\/\/www.yourhotelspa.com\/fr\/seminaires-et-evenemets\/\" \/>\n<meta property=\"og:locale\" content=\"fr_FR\" \/>\n<meta property=\"og:type\" content=\"article\" \/>\n<meta property=\"og:title\" content=\"S\u00e9minaires et \u00e8v\u00e8nemets - Your Hotel &amp; Spa Alcoba\u00e7a\" \/>\n<meta property=\"og:description\" content=\"Lorsque nous parlons de l&rsquo;entreprise Your Hotel &#038; Spa Alcoba\u00e7a a la meilleure \u00e9quipe pour planifier, coordonner et r\u00e9aliser des \u00e9v\u00e9nements avec succ\u00e8s . Nous vous donnons l&rsquo; appui n\u00e9cessaire pour organiser leurs \u00e9v\u00e9nements. Les salles de r\u00e9union et les espaces ext\u00e9rieurs sont l&rsquo;un des principaux atouts de l&rsquo;H\u00f4tel, votre \u00e9v\u00e9nement est une conf\u00e9rence, une [&hellip;]\" \/>\n<meta property=\"og:url\" content=\"https:\/\/www.yourhotelspa.com\/fr\/seminaires-et-evenemets\/\" \/>\n<meta property=\"og:site_name\" content=\"Your Hotel &amp; Spa Alcoba\u00e7a\" \/>\n<meta property=\"article:modified_time\" content=\"2021-02-19T16:40:39+00:00\" \/>\n<meta name=\"twitter:card\" content=\"summary_large_image\" \/>\n<script type=\"application\/ld+json\" class=\"yoast-schema-graph\">{\"@context\":\"https:\/\/schema.org\",\"@graph\":[{\"@type\":\"WebPage\",\"@id\":\"https:\/\/www.yourhotelspa.com\/fr\/seminaires-et-evenemets\/\",\"url\":\"https:\/\/www.yourhotelspa.com\/fr\/seminaires-et-evenemets\/\",\"name\":\"S\u00e9minaires et \u00e8v\u00e8nemets - Your Hotel & Spa Alcoba\u00e7a\",\"isPartOf\":{\"@id\":\"https:\/\/www.yourhotelspa.com\/fr\/#website\"},\"datePublished\":\"2020-07-31T08:47:15+00:00\",\"dateModified\":\"2021-02-19T16:40:39+00:00\",\"breadcrumb\":{\"@id\":\"https:\/\/www.yourhotelspa.com\/fr\/seminaires-et-evenemets\/#breadcrumb\"},\"inLanguage\":\"fr-FR\",\"potentialAction\":[{\"@type\":\"ReadAction\",\"target\":[\"https:\/\/www.yourhotelspa.com\/fr\/seminaires-et-evenemets\/\"]}]},{\"@type\":\"BreadcrumbList\",\"@id\":\"https:\/\/www.yourhotelspa.com\/fr\/seminaires-et-evenemets\/#breadcrumb\",\"itemListElement\":[{\"@type\":\"ListItem\",\"position\":1,\"name\":\"Home\",\"item\":\"https:\/\/www.yourhotelspa.com\/fr\/\"},{\"@type\":\"ListItem\",\"position\":2,\"name\":\"S\u00e9minaires et \u00e8v\u00e8nemets\"}]},{\"@type\":\"WebSite\",\"@id\":\"https:\/\/www.yourhotelspa.com\/fr\/#website\",\"url\":\"https:\/\/www.yourhotelspa.com\/fr\/\",\"name\":\"Your Hotel & Spa Alcoba\u00e7a\",\"description\":\"Just another ms.decms.eu site\",\"potentialAction\":[{\"@type\":\"SearchAction\",\"target\":{\"@type\":\"EntryPoint\",\"urlTemplate\":\"https:\/\/www.yourhotelspa.com\/fr\/?s={search_term_string}\"},\"query-input\":{\"@type\":\"PropertyValueSpecification\",\"valueRequired\":true,\"valueName\":\"search_term_string\"}}],\"inLanguage\":\"fr-FR\"}]}<\/script>\n<!-- \/ Yoast SEO plugin. -->","yoast_head_json":{"title":"S\u00e9minaires et \u00e8v\u00e8nemets - Your Hotel & Spa Alcoba\u00e7a","robots":{"index":"index","follow":"follow","max-snippet":"max-snippet:-1","max-image-preview":"max-image-preview:large","max-video-preview":"max-video-preview:-1"},"canonical":"https:\/\/www.yourhotelspa.com\/fr\/seminaires-et-evenemets\/","og_locale":"fr_FR","og_type":"article","og_title":"S\u00e9minaires et \u00e8v\u00e8nemets - Your Hotel & Spa Alcoba\u00e7a","og_description":"Lorsque nous parlons de l&rsquo;entreprise Your Hotel &#038; Spa Alcoba\u00e7a a la meilleure \u00e9quipe pour planifier, coordonner et r\u00e9aliser des \u00e9v\u00e9nements avec succ\u00e8s . Nous vous donnons l&rsquo; appui n\u00e9cessaire pour organiser leurs \u00e9v\u00e9nements. Les salles de r\u00e9union et les espaces ext\u00e9rieurs sont l&rsquo;un des principaux atouts de l&rsquo;H\u00f4tel, votre \u00e9v\u00e9nement est une conf\u00e9rence, une [&hellip;]","og_url":"https:\/\/www.yourhotelspa.com\/fr\/seminaires-et-evenemets\/","og_site_name":"Your Hotel & Spa Alcoba\u00e7a","article_modified_time":"2021-02-19T16:40:39+00:00","twitter_card":"summary_large_image","schema":{"@context":"https:\/\/schema.org","@graph":[{"@type":"WebPage","@id":"https:\/\/www.yourhotelspa.com\/fr\/seminaires-et-evenemets\/","url":"https:\/\/www.yourhotelspa.com\/fr\/seminaires-et-evenemets\/","name":"S\u00e9minaires et \u00e8v\u00e8nemets - Your Hotel & Spa Alcoba\u00e7a","isPartOf":{"@id":"https:\/\/www.yourhotelspa.com\/fr\/#website"},"datePublished":"2020-07-31T08:47:15+00:00","dateModified":"2021-02-19T16:40:39+00:00","breadcrumb":{"@id":"https:\/\/www.yourhotelspa.com\/fr\/seminaires-et-evenemets\/#breadcrumb"},"inLanguage":"fr-FR","potentialAction":[{"@type":"ReadAction","target":["https:\/\/www.yourhotelspa.com\/fr\/seminaires-et-evenemets\/"]}]},{"@type":"BreadcrumbList","@id":"https:\/\/www.yourhotelspa.com\/fr\/seminaires-et-evenemets\/#breadcrumb","itemListElement":[{"@type":"ListItem","position":1,"name":"Home","item":"https:\/\/www.yourhotelspa.com\/fr\/"},{"@type":"ListItem","position":2,"name":"S\u00e9minaires et \u00e8v\u00e8nemets"}]},{"@type":"WebSite","@id":"https:\/\/www.yourhotelspa.com\/fr\/#website","url":"https:\/\/www.yourhotelspa.com\/fr\/","name":"Your Hotel & Spa Alcoba\u00e7a","description":"Just another ms.decms.eu site","potentialAction":[{"@type":"SearchAction","target":{"@type":"EntryPoint","urlTemplate":"https:\/\/www.yourhotelspa.com\/fr\/?s={search_term_string}"},"query-input":{"@type":"PropertyValueSpecification","valueRequired":true,"valueName":"search_term_string"}}],"inLanguage":"fr-FR"}]}},"acf":[],"_links":{"self":[{"href":"https:\/\/www.yourhotelspa.com\/fr\/wp-json\/wp\/v2\/pages\/702","targetHints":{"allow":["GET"]}}],"collection":[{"href":"https:\/\/www.yourhotelspa.com\/fr\/wp-json\/wp\/v2\/pages"}],"about":[{"href":"https:\/\/www.yourhotelspa.com\/fr\/wp-json\/wp\/v2\/types\/page"}],"author":[{"embeddable":true,"href":"https:\/\/www.yourhotelspa.com\/fr\/wp-json\/wp\/v2\/users\/4"}],"replies":[{"embeddable":true,"href":"https:\/\/www.yourhotelspa.com\/fr\/wp-json\/wp\/v2\/comments?post=702"}],"version-history":[{"count":0,"href":"https:\/\/www.yourhotelspa.com\/fr\/wp-json\/wp\/v2\/pages\/702\/revisions"}],"wp:attachment":[{"href":"https:\/\/www.yourhotelspa.com\/fr\/wp-json\/wp\/v2\/media?parent=702"}],"curies":[{"name":"wp","href":"https:\/\/api.w.org\/{rel}","templated":true}]}}