{"id":706,"date":"2020-07-31T10:29:40","date_gmt":"2020-07-31T10:29:40","guid":{"rendered":"http:\/\/your-hotel-spa-alcobaca.ms.decms.eu\/?page_id=706"},"modified":"2020-09-15T09:18:16","modified_gmt":"2020-09-15T09:18:16","slug":"salle-d-ines","status":"publish","type":"page","link":"https:\/\/www.yourhotelspa.com\/fr\/seminaires-et-evenemets\/salle-d-ines\/","title":{"rendered":"Salle D. In\u00eas"},"content":{"rendered":"<p>Situ\u00e9 au 2\u00e8me \u00e9tage de l&rsquo;immeuble de congr\u00e8s , avec des installations pour changer la disposition de la pi\u00e8ce ou divis\u00e9 en deux chambres s\u00e9par\u00e9es .<\/p>\n","protected":false},"excerpt":{"rendered":"<p>Situ\u00e9 au 2\u00e8me \u00e9tage de l&rsquo;immeuble de congr\u00e8s , avec des installations pour changer la disposition de la pi\u00e8ce ou divis\u00e9 en deux chambres s\u00e9par\u00e9es .<\/p>\n","protected":false},"author":4,"featured_media":0,"parent":702,"menu_order":10,"comment_status":"closed","ping_status":"closed","template":"template-meetings.php","meta":{"footnotes":""},"class_list":["post-706","page","type-page","status-publish","hentry"],"yoast_head":"<!-- This site is optimized with the Yoast SEO plugin v26.9 - https:\/\/yoast.com\/product\/yoast-seo-wordpress\/ -->\n<title>Salle D. In\u00eas - Your Hotel &amp; Spa Alcoba\u00e7a<\/title>\n<meta name=\"robots\" content=\"index, follow, max-snippet:-1, max-image-preview:large, max-video-preview:-1\" \/>\n<link rel=\"canonical\" href=\"https:\/\/www.yourhotelspa.com\/fr\/seminaires-et-evenemets\/salle-d-ines\/\" \/>\n<meta property=\"og:locale\" content=\"fr_FR\" \/>\n<meta property=\"og:type\" content=\"article\" \/>\n<meta property=\"og:title\" content=\"Salle D. In\u00eas - Your Hotel &amp; Spa Alcoba\u00e7a\" \/>\n<meta property=\"og:description\" content=\"Situ\u00e9 au 2\u00e8me \u00e9tage de l&rsquo;immeuble de congr\u00e8s , avec des installations pour changer la disposition de la pi\u00e8ce ou divis\u00e9 en deux chambres s\u00e9par\u00e9es .\" \/>\n<meta property=\"og:url\" content=\"https:\/\/www.yourhotelspa.com\/fr\/seminaires-et-evenemets\/salle-d-ines\/\" \/>\n<meta property=\"og:site_name\" content=\"Your Hotel &amp; Spa Alcoba\u00e7a\" \/>\n<meta property=\"article:modified_time\" content=\"2020-09-15T09:18:16+00:00\" \/>\n<meta name=\"twitter:card\" content=\"summary_large_image\" \/>\n<script type=\"application\/ld+json\" class=\"yoast-schema-graph\">{\"@context\":\"https:\/\/schema.org\",\"@graph\":[{\"@type\":\"WebPage\",\"@id\":\"https:\/\/www.yourhotelspa.com\/fr\/seminaires-et-evenemets\/salle-d-ines\/\",\"url\":\"https:\/\/www.yourhotelspa.com\/fr\/seminaires-et-evenemets\/salle-d-ines\/\",\"name\":\"Salle D. In\u00eas - Your Hotel & Spa Alcoba\u00e7a\",\"isPartOf\":{\"@id\":\"https:\/\/www.yourhotelspa.com\/fr\/#website\"},\"datePublished\":\"2020-07-31T10:29:40+00:00\",\"dateModified\":\"2020-09-15T09:18:16+00:00\",\"breadcrumb\":{\"@id\":\"https:\/\/www.yourhotelspa.com\/fr\/seminaires-et-evenemets\/salle-d-ines\/#breadcrumb\"},\"inLanguage\":\"fr-FR\",\"potentialAction\":[{\"@type\":\"ReadAction\",\"target\":[\"https:\/\/www.yourhotelspa.com\/fr\/seminaires-et-evenemets\/salle-d-ines\/\"]}]},{\"@type\":\"BreadcrumbList\",\"@id\":\"https:\/\/www.yourhotelspa.com\/fr\/seminaires-et-evenemets\/salle-d-ines\/#breadcrumb\",\"itemListElement\":[{\"@type\":\"ListItem\",\"position\":1,\"name\":\"Home\",\"item\":\"https:\/\/www.yourhotelspa.com\/fr\/\"},{\"@type\":\"ListItem\",\"position\":2,\"name\":\"S\u00e9minaires et \u00e8v\u00e8nemets\",\"item\":\"https:\/\/www.yourhotelspa.com\/fr\/seminaires-et-evenemets\/\"},{\"@type\":\"ListItem\",\"position\":3,\"name\":\"Salle D. In\u00eas\"}]},{\"@type\":\"WebSite\",\"@id\":\"https:\/\/www.yourhotelspa.com\/fr\/#website\",\"url\":\"https:\/\/www.yourhotelspa.com\/fr\/\",\"name\":\"Your Hotel & Spa Alcoba\u00e7a\",\"description\":\"Just another ms.decms.eu site\",\"potentialAction\":[{\"@type\":\"SearchAction\",\"target\":{\"@type\":\"EntryPoint\",\"urlTemplate\":\"https:\/\/www.yourhotelspa.com\/fr\/?s={search_term_string}\"},\"query-input\":{\"@type\":\"PropertyValueSpecification\",\"valueRequired\":true,\"valueName\":\"search_term_string\"}}],\"inLanguage\":\"fr-FR\"}]}<\/script>\n<!-- \/ Yoast SEO plugin. -->","yoast_head_json":{"title":"Salle D. In\u00eas - Your Hotel & Spa Alcoba\u00e7a","robots":{"index":"index","follow":"follow","max-snippet":"max-snippet:-1","max-image-preview":"max-image-preview:large","max-video-preview":"max-video-preview:-1"},"canonical":"https:\/\/www.yourhotelspa.com\/fr\/seminaires-et-evenemets\/salle-d-ines\/","og_locale":"fr_FR","og_type":"article","og_title":"Salle D. In\u00eas - Your Hotel & Spa Alcoba\u00e7a","og_description":"Situ\u00e9 au 2\u00e8me \u00e9tage de l&rsquo;immeuble de congr\u00e8s , avec des installations pour changer la disposition de la pi\u00e8ce ou divis\u00e9 en deux chambres s\u00e9par\u00e9es .","og_url":"https:\/\/www.yourhotelspa.com\/fr\/seminaires-et-evenemets\/salle-d-ines\/","og_site_name":"Your Hotel & Spa Alcoba\u00e7a","article_modified_time":"2020-09-15T09:18:16+00:00","twitter_card":"summary_large_image","schema":{"@context":"https:\/\/schema.org","@graph":[{"@type":"WebPage","@id":"https:\/\/www.yourhotelspa.com\/fr\/seminaires-et-evenemets\/salle-d-ines\/","url":"https:\/\/www.yourhotelspa.com\/fr\/seminaires-et-evenemets\/salle-d-ines\/","name":"Salle D. In\u00eas - Your Hotel & Spa Alcoba\u00e7a","isPartOf":{"@id":"https:\/\/www.yourhotelspa.com\/fr\/#website"},"datePublished":"2020-07-31T10:29:40+00:00","dateModified":"2020-09-15T09:18:16+00:00","breadcrumb":{"@id":"https:\/\/www.yourhotelspa.com\/fr\/seminaires-et-evenemets\/salle-d-ines\/#breadcrumb"},"inLanguage":"fr-FR","potentialAction":[{"@type":"ReadAction","target":["https:\/\/www.yourhotelspa.com\/fr\/seminaires-et-evenemets\/salle-d-ines\/"]}]},{"@type":"BreadcrumbList","@id":"https:\/\/www.yourhotelspa.com\/fr\/seminaires-et-evenemets\/salle-d-ines\/#breadcrumb","itemListElement":[{"@type":"ListItem","position":1,"name":"Home","item":"https:\/\/www.yourhotelspa.com\/fr\/"},{"@type":"ListItem","position":2,"name":"S\u00e9minaires et \u00e8v\u00e8nemets","item":"https:\/\/www.yourhotelspa.com\/fr\/seminaires-et-evenemets\/"},{"@type":"ListItem","position":3,"name":"Salle D. In\u00eas"}]},{"@type":"WebSite","@id":"https:\/\/www.yourhotelspa.com\/fr\/#website","url":"https:\/\/www.yourhotelspa.com\/fr\/","name":"Your Hotel & Spa Alcoba\u00e7a","description":"Just another ms.decms.eu site","potentialAction":[{"@type":"SearchAction","target":{"@type":"EntryPoint","urlTemplate":"https:\/\/www.yourhotelspa.com\/fr\/?s={search_term_string}"},"query-input":{"@type":"PropertyValueSpecification","valueRequired":true,"valueName":"search_term_string"}}],"inLanguage":"fr-FR"}]}},"acf":[],"_links":{"self":[{"href":"https:\/\/www.yourhotelspa.com\/fr\/wp-json\/wp\/v2\/pages\/706","targetHints":{"allow":["GET"]}}],"collection":[{"href":"https:\/\/www.yourhotelspa.com\/fr\/wp-json\/wp\/v2\/pages"}],"about":[{"href":"https:\/\/www.yourhotelspa.com\/fr\/wp-json\/wp\/v2\/types\/page"}],"author":[{"embeddable":true,"href":"https:\/\/www.yourhotelspa.com\/fr\/wp-json\/wp\/v2\/users\/4"}],"replies":[{"embeddable":true,"href":"https:\/\/www.yourhotelspa.com\/fr\/wp-json\/wp\/v2\/comments?post=706"}],"version-history":[{"count":0,"href":"https:\/\/www.yourhotelspa.com\/fr\/wp-json\/wp\/v2\/pages\/706\/revisions"}],"up":[{"embeddable":true,"href":"https:\/\/www.yourhotelspa.com\/fr\/wp-json\/wp\/v2\/pages\/702"}],"wp:attachment":[{"href":"https:\/\/www.yourhotelspa.com\/fr\/wp-json\/wp\/v2\/media?parent=706"}],"curies":[{"name":"wp","href":"https:\/\/api.w.org\/{rel}","templated":true}]}}