{"id":746,"date":"2020-07-31T13:27:40","date_gmt":"2020-07-31T13:27:40","guid":{"rendered":"http:\/\/your-hotel-spa-alcobaca.ms.decms.eu\/?page_id=746"},"modified":"2026-03-19T08:41:24","modified_gmt":"2026-03-19T08:41:24","slug":"alentours","status":"publish","type":"page","link":"https:\/\/www.yourhotelspa.com\/fr\/alentours\/","title":{"rendered":"Alentours"},"content":{"rendered":"<p>La situation centrale d&rsquo;Alcoba\u00e7a en fait un point de r\u00e9f\u00e9rence dans la r\u00e9gion occidentale du Portugal.<br \/>\nVous pouvez visiter des lieux d&rsquo;int\u00e9r\u00eat historique, culturel et touristique \u00e0 une courte distance, tels que:<\/p>\n<ul>\n<li>Nazar\u00e9, connue pour ses plages et ses vagues g\u00e9antes;<\/li>\n<li>\u00d3bidos, une ville m\u00e9di\u00e9vale pittoresque entour\u00e9e de remparts;<\/li>\n<li>Batalha, avec son magnifique monast\u00e8re gothique;<\/li>\n<li>F\u00e1tima, un important centre de p\u00e8lerinage marial;<\/li>\n<li>Leiria, avec son ch\u00e2teau et ses paysages naturels \u00e9poustouflants;<\/li>\n<li>Tomar, ville des Templiers, qui abrite le couvent du Christ, class\u00e9 au patrimoine mondial de l&rsquo;UNESCO;<\/li>\n<li>Mira de Aire, connue pour ses grottes.<\/li>\n<\/ul>\n<p>La proximit\u00e9 de ces villes avec Alcoba\u00e7a offre aux visiteurs une occasion unique d&rsquo;explorer une vari\u00e9t\u00e9 d&rsquo;exp\u00e9riences et d&rsquo;attractions en un seul voyage.<\/p>\n","protected":false},"excerpt":{"rendered":"<p>La situation centrale d&rsquo;Alcoba\u00e7a en fait un point de r\u00e9f\u00e9rence dans la r\u00e9gion occidentale du Portugal. Vous pouvez visiter des lieux d&rsquo;int\u00e9r\u00eat historique, culturel et touristique \u00e0 une courte distance, tels que: Nazar\u00e9, connue pour ses plages et ses vagues g\u00e9antes; \u00d3bidos, une ville m\u00e9di\u00e9vale pittoresque entour\u00e9e de remparts; Batalha, avec son magnifique monast\u00e8re gothique; [&hellip;]<\/p>\n","protected":false},"author":4,"featured_media":0,"parent":0,"menu_order":80,"comment_status":"closed","ping_status":"closed","template":"template-children_carousel.php","meta":{"footnotes":""},"class_list":["post-746","page","type-page","status-publish","hentry"],"yoast_head":"<!-- This site is optimized with the Yoast SEO plugin v26.9 - https:\/\/yoast.com\/product\/yoast-seo-wordpress\/ -->\n<title>Alentours - Your Hotel &amp; Spa Alcoba\u00e7a<\/title>\n<meta name=\"robots\" content=\"index, follow, max-snippet:-1, max-image-preview:large, max-video-preview:-1\" \/>\n<link rel=\"canonical\" href=\"https:\/\/www.yourhotelspa.com\/fr\/alentours\/\" \/>\n<meta property=\"og:locale\" content=\"fr_FR\" \/>\n<meta property=\"og:type\" content=\"article\" \/>\n<meta property=\"og:title\" content=\"Alentours - Your Hotel &amp; Spa Alcoba\u00e7a\" \/>\n<meta property=\"og:description\" content=\"La situation centrale d&rsquo;Alcoba\u00e7a en fait un point de r\u00e9f\u00e9rence dans la r\u00e9gion occidentale du Portugal. Vous pouvez visiter des lieux d&rsquo;int\u00e9r\u00eat historique, culturel et touristique \u00e0 une courte distance, tels que: Nazar\u00e9, connue pour ses plages et ses vagues g\u00e9antes; \u00d3bidos, une ville m\u00e9di\u00e9vale pittoresque entour\u00e9e de remparts; Batalha, avec son magnifique monast\u00e8re gothique; [&hellip;]\" \/>\n<meta property=\"og:url\" content=\"https:\/\/www.yourhotelspa.com\/fr\/alentours\/\" \/>\n<meta property=\"og:site_name\" content=\"Your Hotel &amp; Spa Alcoba\u00e7a\" \/>\n<meta property=\"article:modified_time\" content=\"2026-03-19T08:41:24+00:00\" \/>\n<meta name=\"twitter:card\" content=\"summary_large_image\" \/>\n<meta name=\"twitter:label1\" content=\"Dur\u00e9e de lecture estim\u00e9e\" \/>\n\t<meta name=\"twitter:data1\" content=\"1 minute\" \/>\n<script type=\"application\/ld+json\" class=\"yoast-schema-graph\">{\"@context\":\"https:\/\/schema.org\",\"@graph\":[{\"@type\":\"WebPage\",\"@id\":\"https:\/\/www.yourhotelspa.com\/fr\/alentours\/\",\"url\":\"https:\/\/www.yourhotelspa.com\/fr\/alentours\/\",\"name\":\"Alentours - Your Hotel & Spa Alcoba\u00e7a\",\"isPartOf\":{\"@id\":\"https:\/\/www.yourhotelspa.com\/fr\/#website\"},\"datePublished\":\"2020-07-31T13:27:40+00:00\",\"dateModified\":\"2026-03-19T08:41:24+00:00\",\"breadcrumb\":{\"@id\":\"https:\/\/www.yourhotelspa.com\/fr\/alentours\/#breadcrumb\"},\"inLanguage\":\"fr-FR\",\"potentialAction\":[{\"@type\":\"ReadAction\",\"target\":[\"https:\/\/www.yourhotelspa.com\/fr\/alentours\/\"]}]},{\"@type\":\"BreadcrumbList\",\"@id\":\"https:\/\/www.yourhotelspa.com\/fr\/alentours\/#breadcrumb\",\"itemListElement\":[{\"@type\":\"ListItem\",\"position\":1,\"name\":\"Home\",\"item\":\"https:\/\/www.yourhotelspa.com\/fr\/\"},{\"@type\":\"ListItem\",\"position\":2,\"name\":\"Alentours\"}]},{\"@type\":\"WebSite\",\"@id\":\"https:\/\/www.yourhotelspa.com\/fr\/#website\",\"url\":\"https:\/\/www.yourhotelspa.com\/fr\/\",\"name\":\"Your Hotel & Spa Alcoba\u00e7a\",\"description\":\"Just another ms.decms.eu site\",\"potentialAction\":[{\"@type\":\"SearchAction\",\"target\":{\"@type\":\"EntryPoint\",\"urlTemplate\":\"https:\/\/www.yourhotelspa.com\/fr\/?s={search_term_string}\"},\"query-input\":{\"@type\":\"PropertyValueSpecification\",\"valueRequired\":true,\"valueName\":\"search_term_string\"}}],\"inLanguage\":\"fr-FR\"}]}<\/script>\n<!-- \/ Yoast SEO plugin. -->","yoast_head_json":{"title":"Alentours - Your Hotel & Spa Alcoba\u00e7a","robots":{"index":"index","follow":"follow","max-snippet":"max-snippet:-1","max-image-preview":"max-image-preview:large","max-video-preview":"max-video-preview:-1"},"canonical":"https:\/\/www.yourhotelspa.com\/fr\/alentours\/","og_locale":"fr_FR","og_type":"article","og_title":"Alentours - Your Hotel & Spa Alcoba\u00e7a","og_description":"La situation centrale d&rsquo;Alcoba\u00e7a en fait un point de r\u00e9f\u00e9rence dans la r\u00e9gion occidentale du Portugal. Vous pouvez visiter des lieux d&rsquo;int\u00e9r\u00eat historique, culturel et touristique \u00e0 une courte distance, tels que: Nazar\u00e9, connue pour ses plages et ses vagues g\u00e9antes; \u00d3bidos, une ville m\u00e9di\u00e9vale pittoresque entour\u00e9e de remparts; Batalha, avec son magnifique monast\u00e8re gothique; [&hellip;]","og_url":"https:\/\/www.yourhotelspa.com\/fr\/alentours\/","og_site_name":"Your Hotel & Spa Alcoba\u00e7a","article_modified_time":"2026-03-19T08:41:24+00:00","twitter_card":"summary_large_image","twitter_misc":{"Dur\u00e9e de lecture estim\u00e9e":"1 minute"},"schema":{"@context":"https:\/\/schema.org","@graph":[{"@type":"WebPage","@id":"https:\/\/www.yourhotelspa.com\/fr\/alentours\/","url":"https:\/\/www.yourhotelspa.com\/fr\/alentours\/","name":"Alentours - Your Hotel & Spa Alcoba\u00e7a","isPartOf":{"@id":"https:\/\/www.yourhotelspa.com\/fr\/#website"},"datePublished":"2020-07-31T13:27:40+00:00","dateModified":"2026-03-19T08:41:24+00:00","breadcrumb":{"@id":"https:\/\/www.yourhotelspa.com\/fr\/alentours\/#breadcrumb"},"inLanguage":"fr-FR","potentialAction":[{"@type":"ReadAction","target":["https:\/\/www.yourhotelspa.com\/fr\/alentours\/"]}]},{"@type":"BreadcrumbList","@id":"https:\/\/www.yourhotelspa.com\/fr\/alentours\/#breadcrumb","itemListElement":[{"@type":"ListItem","position":1,"name":"Home","item":"https:\/\/www.yourhotelspa.com\/fr\/"},{"@type":"ListItem","position":2,"name":"Alentours"}]},{"@type":"WebSite","@id":"https:\/\/www.yourhotelspa.com\/fr\/#website","url":"https:\/\/www.yourhotelspa.com\/fr\/","name":"Your Hotel & Spa Alcoba\u00e7a","description":"Just another ms.decms.eu site","potentialAction":[{"@type":"SearchAction","target":{"@type":"EntryPoint","urlTemplate":"https:\/\/www.yourhotelspa.com\/fr\/?s={search_term_string}"},"query-input":{"@type":"PropertyValueSpecification","valueRequired":true,"valueName":"search_term_string"}}],"inLanguage":"fr-FR"}]}},"acf":[],"_links":{"self":[{"href":"https:\/\/www.yourhotelspa.com\/fr\/wp-json\/wp\/v2\/pages\/746","targetHints":{"allow":["GET"]}}],"collection":[{"href":"https:\/\/www.yourhotelspa.com\/fr\/wp-json\/wp\/v2\/pages"}],"about":[{"href":"https:\/\/www.yourhotelspa.com\/fr\/wp-json\/wp\/v2\/types\/page"}],"author":[{"embeddable":true,"href":"https:\/\/www.yourhotelspa.com\/fr\/wp-json\/wp\/v2\/users\/4"}],"replies":[{"embeddable":true,"href":"https:\/\/www.yourhotelspa.com\/fr\/wp-json\/wp\/v2\/comments?post=746"}],"version-history":[{"count":0,"href":"https:\/\/www.yourhotelspa.com\/fr\/wp-json\/wp\/v2\/pages\/746\/revisions"}],"wp:attachment":[{"href":"https:\/\/www.yourhotelspa.com\/fr\/wp-json\/wp\/v2\/media?parent=746"}],"curies":[{"name":"wp","href":"https:\/\/api.w.org\/{rel}","templated":true}]}}