{"id":752,"date":"2020-07-31T13:31:35","date_gmt":"2020-07-31T13:31:35","guid":{"rendered":"http:\/\/your-hotel-spa-alcobaca.ms.decms.eu\/?page_id=752"},"modified":"2024-06-17T11:23:11","modified_gmt":"2024-06-17T11:23:11","slug":"nazare","status":"publish","type":"page","link":"https:\/\/www.yourhotelspa.com\/fr\/alentours\/nazare\/","title":{"rendered":"Nazar\u00e9"},"content":{"rendered":"<p>Nazar\u00e9, ville connue pour ses traditions maritimes et culturelles, est c\u00e9l\u00e8bre pour ses vagues g\u00e9antes qui attirent les surfeurs du monde entier. Au sommet d&rsquo;une falaise, le S\u00edtio da Nazar\u00e9 offre des vues \u00e0 couper le souffle et abrite le Sanctuaire de Notre-Dame de Nazar\u00e9. Le Fort de S\u00e3o Miguel Arcanjo, avec son mus\u00e9e du surf, offre une vue privil\u00e9gi\u00e9e sur les vagues. Les rues traditionnelles et les restaurants proposant une cuisine locale, comme le poisson frais et les fruits de mer, compl\u00e8tent le charme de ce village.<\/p>\n<p>Points d&rsquo;int\u00e9r\u00eat: Fort de S\u00e3o Miguel Arcanjo, Mus\u00e9e des p\u00eacheurs, S\u00e9chage du poisson, Chapelle de Santo Ant\u00f3nio, Ascensor da Nazar\u00e9, Ermida da Mem\u00f3ria, Sanctuaire de Nossa Senhora da Nazar\u00e9, entre autres&#8230;<\/p>\n","protected":false},"excerpt":{"rendered":"<p>Nazar\u00e9, ville connue pour ses traditions maritimes et culturelles, est c\u00e9l\u00e8bre pour ses vagues g\u00e9antes qui attirent les surfeurs du monde entier. Au sommet d&rsquo;une falaise, le S\u00edtio da Nazar\u00e9 offre des vues \u00e0 couper le souffle et abrite le Sanctuaire de Notre-Dame de Nazar\u00e9. Le Fort de S\u00e3o Miguel Arcanjo, avec son mus\u00e9e du [&hellip;]<\/p>\n","protected":false},"author":4,"featured_media":0,"parent":746,"menu_order":1,"comment_status":"closed","ping_status":"closed","template":"template-children_carousel.php","meta":{"footnotes":""},"class_list":["post-752","page","type-page","status-publish","hentry"],"yoast_head":"<!-- This site is optimized with the Yoast SEO plugin v26.9 - https:\/\/yoast.com\/product\/yoast-seo-wordpress\/ -->\n<title>Nazar\u00e9 - Your Hotel &amp; Spa Alcoba\u00e7a<\/title>\n<meta name=\"robots\" content=\"index, follow, max-snippet:-1, max-image-preview:large, max-video-preview:-1\" \/>\n<link rel=\"canonical\" href=\"https:\/\/www.yourhotelspa.com\/fr\/alentours\/nazare\/\" \/>\n<meta property=\"og:locale\" content=\"fr_FR\" \/>\n<meta property=\"og:type\" content=\"article\" \/>\n<meta property=\"og:title\" content=\"Nazar\u00e9 - Your Hotel &amp; Spa Alcoba\u00e7a\" \/>\n<meta property=\"og:description\" content=\"Nazar\u00e9, ville connue pour ses traditions maritimes et culturelles, est c\u00e9l\u00e8bre pour ses vagues g\u00e9antes qui attirent les surfeurs du monde entier. Au sommet d&rsquo;une falaise, le S\u00edtio da Nazar\u00e9 offre des vues \u00e0 couper le souffle et abrite le Sanctuaire de Notre-Dame de Nazar\u00e9. Le Fort de S\u00e3o Miguel Arcanjo, avec son mus\u00e9e du [&hellip;]\" \/>\n<meta property=\"og:url\" content=\"https:\/\/www.yourhotelspa.com\/fr\/alentours\/nazare\/\" \/>\n<meta property=\"og:site_name\" content=\"Your Hotel &amp; Spa Alcoba\u00e7a\" \/>\n<meta property=\"article:modified_time\" content=\"2024-06-17T11:23:11+00:00\" \/>\n<meta name=\"twitter:card\" content=\"summary_large_image\" \/>\n<meta name=\"twitter:label1\" content=\"Dur\u00e9e de lecture estim\u00e9e\" \/>\n\t<meta name=\"twitter:data1\" content=\"1 minute\" \/>\n<script type=\"application\/ld+json\" class=\"yoast-schema-graph\">{\"@context\":\"https:\/\/schema.org\",\"@graph\":[{\"@type\":\"WebPage\",\"@id\":\"https:\/\/www.yourhotelspa.com\/fr\/alentours\/nazare\/\",\"url\":\"https:\/\/www.yourhotelspa.com\/fr\/alentours\/nazare\/\",\"name\":\"Nazar\u00e9 - Your Hotel & Spa Alcoba\u00e7a\",\"isPartOf\":{\"@id\":\"https:\/\/www.yourhotelspa.com\/fr\/#website\"},\"datePublished\":\"2020-07-31T13:31:35+00:00\",\"dateModified\":\"2024-06-17T11:23:11+00:00\",\"breadcrumb\":{\"@id\":\"https:\/\/www.yourhotelspa.com\/fr\/alentours\/nazare\/#breadcrumb\"},\"inLanguage\":\"fr-FR\",\"potentialAction\":[{\"@type\":\"ReadAction\",\"target\":[\"https:\/\/www.yourhotelspa.com\/fr\/alentours\/nazare\/\"]}]},{\"@type\":\"BreadcrumbList\",\"@id\":\"https:\/\/www.yourhotelspa.com\/fr\/alentours\/nazare\/#breadcrumb\",\"itemListElement\":[{\"@type\":\"ListItem\",\"position\":1,\"name\":\"Home\",\"item\":\"https:\/\/www.yourhotelspa.com\/fr\/\"},{\"@type\":\"ListItem\",\"position\":2,\"name\":\"Alentours\",\"item\":\"https:\/\/www.yourhotelspa.com\/fr\/alentours\/\"},{\"@type\":\"ListItem\",\"position\":3,\"name\":\"Nazar\u00e9\"}]},{\"@type\":\"WebSite\",\"@id\":\"https:\/\/www.yourhotelspa.com\/fr\/#website\",\"url\":\"https:\/\/www.yourhotelspa.com\/fr\/\",\"name\":\"Your Hotel & Spa Alcoba\u00e7a\",\"description\":\"Just another ms.decms.eu site\",\"potentialAction\":[{\"@type\":\"SearchAction\",\"target\":{\"@type\":\"EntryPoint\",\"urlTemplate\":\"https:\/\/www.yourhotelspa.com\/fr\/?s={search_term_string}\"},\"query-input\":{\"@type\":\"PropertyValueSpecification\",\"valueRequired\":true,\"valueName\":\"search_term_string\"}}],\"inLanguage\":\"fr-FR\"}]}<\/script>\n<!-- \/ Yoast SEO plugin. -->","yoast_head_json":{"title":"Nazar\u00e9 - Your Hotel & Spa Alcoba\u00e7a","robots":{"index":"index","follow":"follow","max-snippet":"max-snippet:-1","max-image-preview":"max-image-preview:large","max-video-preview":"max-video-preview:-1"},"canonical":"https:\/\/www.yourhotelspa.com\/fr\/alentours\/nazare\/","og_locale":"fr_FR","og_type":"article","og_title":"Nazar\u00e9 - Your Hotel & Spa Alcoba\u00e7a","og_description":"Nazar\u00e9, ville connue pour ses traditions maritimes et culturelles, est c\u00e9l\u00e8bre pour ses vagues g\u00e9antes qui attirent les surfeurs du monde entier. Au sommet d&rsquo;une falaise, le S\u00edtio da Nazar\u00e9 offre des vues \u00e0 couper le souffle et abrite le Sanctuaire de Notre-Dame de Nazar\u00e9. Le Fort de S\u00e3o Miguel Arcanjo, avec son mus\u00e9e du [&hellip;]","og_url":"https:\/\/www.yourhotelspa.com\/fr\/alentours\/nazare\/","og_site_name":"Your Hotel & Spa Alcoba\u00e7a","article_modified_time":"2024-06-17T11:23:11+00:00","twitter_card":"summary_large_image","twitter_misc":{"Dur\u00e9e de lecture estim\u00e9e":"1 minute"},"schema":{"@context":"https:\/\/schema.org","@graph":[{"@type":"WebPage","@id":"https:\/\/www.yourhotelspa.com\/fr\/alentours\/nazare\/","url":"https:\/\/www.yourhotelspa.com\/fr\/alentours\/nazare\/","name":"Nazar\u00e9 - Your Hotel & Spa Alcoba\u00e7a","isPartOf":{"@id":"https:\/\/www.yourhotelspa.com\/fr\/#website"},"datePublished":"2020-07-31T13:31:35+00:00","dateModified":"2024-06-17T11:23:11+00:00","breadcrumb":{"@id":"https:\/\/www.yourhotelspa.com\/fr\/alentours\/nazare\/#breadcrumb"},"inLanguage":"fr-FR","potentialAction":[{"@type":"ReadAction","target":["https:\/\/www.yourhotelspa.com\/fr\/alentours\/nazare\/"]}]},{"@type":"BreadcrumbList","@id":"https:\/\/www.yourhotelspa.com\/fr\/alentours\/nazare\/#breadcrumb","itemListElement":[{"@type":"ListItem","position":1,"name":"Home","item":"https:\/\/www.yourhotelspa.com\/fr\/"},{"@type":"ListItem","position":2,"name":"Alentours","item":"https:\/\/www.yourhotelspa.com\/fr\/alentours\/"},{"@type":"ListItem","position":3,"name":"Nazar\u00e9"}]},{"@type":"WebSite","@id":"https:\/\/www.yourhotelspa.com\/fr\/#website","url":"https:\/\/www.yourhotelspa.com\/fr\/","name":"Your Hotel & Spa Alcoba\u00e7a","description":"Just another ms.decms.eu site","potentialAction":[{"@type":"SearchAction","target":{"@type":"EntryPoint","urlTemplate":"https:\/\/www.yourhotelspa.com\/fr\/?s={search_term_string}"},"query-input":{"@type":"PropertyValueSpecification","valueRequired":true,"valueName":"search_term_string"}}],"inLanguage":"fr-FR"}]}},"acf":[],"_links":{"self":[{"href":"https:\/\/www.yourhotelspa.com\/fr\/wp-json\/wp\/v2\/pages\/752","targetHints":{"allow":["GET"]}}],"collection":[{"href":"https:\/\/www.yourhotelspa.com\/fr\/wp-json\/wp\/v2\/pages"}],"about":[{"href":"https:\/\/www.yourhotelspa.com\/fr\/wp-json\/wp\/v2\/types\/page"}],"author":[{"embeddable":true,"href":"https:\/\/www.yourhotelspa.com\/fr\/wp-json\/wp\/v2\/users\/4"}],"replies":[{"embeddable":true,"href":"https:\/\/www.yourhotelspa.com\/fr\/wp-json\/wp\/v2\/comments?post=752"}],"version-history":[{"count":0,"href":"https:\/\/www.yourhotelspa.com\/fr\/wp-json\/wp\/v2\/pages\/752\/revisions"}],"up":[{"embeddable":true,"href":"https:\/\/www.yourhotelspa.com\/fr\/wp-json\/wp\/v2\/pages\/746"}],"wp:attachment":[{"href":"https:\/\/www.yourhotelspa.com\/fr\/wp-json\/wp\/v2\/media?parent=752"}],"curies":[{"name":"wp","href":"https:\/\/api.w.org\/{rel}","templated":true}]}}