{"id":770,"date":"2020-07-31T14:03:24","date_gmt":"2020-07-31T14:03:24","guid":{"rendered":"http:\/\/your-hotel-spa-alcobaca.ms.decms.eu\/?page_id=770"},"modified":"2023-01-04T15:24:18","modified_gmt":"2023-01-04T15:24:18","slug":"nous-contacter","status":"publish","type":"page","link":"https:\/\/www.yourhotelspa.com\/fr\/nous-contacter\/","title":{"rendered":"Nous contacter"},"content":{"rendered":"<p style=\"text-align: center\"><strong>ADRESSE<\/strong><\/p>\n<p style=\"text-align: center\">Rua Manuel Rodrigues Serrazina, S\/N, Ferven\u00e7a, 2460-743 Vestiaria &#8211; Alcoba\u00e7a &#8211; Portugal<\/p>\n<p style=\"text-align: center\"><strong>CONTACTS INFO<\/strong><\/p>\n<p style=\"text-align: center\">R\u00e9servation et Service \u00e0 la Client\u00e8le:<br \/>\nT\u00e9l\u00e9phone: <a href=\"tel:000351262505370\">+351 262 505 370<\/a> (appel national par t\u00e9l\u00e9phone fixe)<br \/>\nE-mail: <a href=\"mailto:reservas@yourhotelspa.com\">reservas@yourhotelspa.com<\/a><\/p>\n<p style=\"text-align: center\">Thermale Spa:<br \/>\nT\u00e9l\u00e9phone: <a href=\"tel:00351262505376\">+351 262 505 376<\/a> (appel national par t\u00e9l\u00e9phone fixe)<br \/>\nE-mail: <a href=\"mailto:beyondspa@yourhotelspa.com\">beyondspa@yourhotelspa.com<\/a><\/p>\n<p style=\"text-align: center\">Termas da Piedade:<br \/>\nT\u00e9l\u00e9phone: <a href=\"tel:00351262505376\">+351 262 505 376<\/a> (appel national par t\u00e9l\u00e9phone fixe)<br \/>\nE-mail: <a href=\"mailto:termasdapiedade@yourhotelspa.com\">termasdapiedade@yourhotelspa.com<\/a><\/p>\n<p style=\"text-align: center\">D\u00e9partement Commercial:<br \/>\nPhone: <a href=\"mailto:dep.comercial@yourhotelspa.com\">dep.comercial@yourhotelspa.com<\/a><\/p>\n<p style=\"text-align: center\">R\u00e9servation de Groupes et D&rsquo;\u00e9v\u00e9nements:<br \/>\nE-mail: <a href=\"mailto:grupos@yourhotelspa.com\">grupos@yourhotelspa.com<\/a><\/p>\n<p style=\"text-align: center\">Direction:<br \/>\nE-mail: <a href=\"mailto:manager@yourhotelspa.com\">manager@yourhotelspa.com<\/a><\/p>\n","protected":false},"excerpt":{"rendered":"<p>ADRESSE Rua Manuel Rodrigues Serrazina, S\/N, Ferven\u00e7a, 2460-743 Vestiaria &#8211; Alcoba\u00e7a &#8211; Portugal CONTACTS INFO R\u00e9servation et Service \u00e0 la Client\u00e8le: T\u00e9l\u00e9phone: +351 262 505 370 (appel national par t\u00e9l\u00e9phone fixe) E-mail: reservas@yourhotelspa.com Thermale Spa: T\u00e9l\u00e9phone: +351 262 505 376 (appel national par t\u00e9l\u00e9phone fixe) E-mail: beyondspa@yourhotelspa.com Termas da Piedade: T\u00e9l\u00e9phone: +351 262 505 376 [&hellip;]<\/p>\n","protected":false},"author":4,"featured_media":0,"parent":0,"menu_order":110,"comment_status":"closed","ping_status":"closed","template":"template-contacts.php","meta":{"footnotes":""},"class_list":["post-770","page","type-page","status-publish","hentry"],"yoast_head":"<!-- This site is optimized with the Yoast SEO plugin v26.9 - https:\/\/yoast.com\/product\/yoast-seo-wordpress\/ -->\n<title>Nous contacter - Your Hotel &amp; Spa Alcoba\u00e7a<\/title>\n<meta name=\"robots\" content=\"index, follow, max-snippet:-1, max-image-preview:large, max-video-preview:-1\" \/>\n<link rel=\"canonical\" href=\"https:\/\/www.yourhotelspa.com\/fr\/nous-contacter\/\" \/>\n<meta property=\"og:locale\" content=\"fr_FR\" \/>\n<meta property=\"og:type\" content=\"article\" \/>\n<meta property=\"og:title\" content=\"Nous contacter - Your Hotel &amp; Spa Alcoba\u00e7a\" \/>\n<meta property=\"og:description\" content=\"ADRESSE Rua Manuel Rodrigues Serrazina, S\/N, Ferven\u00e7a, 2460-743 Vestiaria &#8211; Alcoba\u00e7a &#8211; Portugal CONTACTS INFO R\u00e9servation et Service \u00e0 la Client\u00e8le: T\u00e9l\u00e9phone: +351 262 505 370 (appel national par t\u00e9l\u00e9phone fixe) E-mail: reservas@yourhotelspa.com Thermale Spa: T\u00e9l\u00e9phone: +351 262 505 376 (appel national par t\u00e9l\u00e9phone fixe) E-mail: beyondspa@yourhotelspa.com Termas da Piedade: T\u00e9l\u00e9phone: +351 262 505 376 [&hellip;]\" \/>\n<meta property=\"og:url\" content=\"https:\/\/www.yourhotelspa.com\/fr\/nous-contacter\/\" \/>\n<meta property=\"og:site_name\" content=\"Your Hotel &amp; Spa Alcoba\u00e7a\" \/>\n<meta property=\"article:modified_time\" content=\"2023-01-04T15:24:18+00:00\" \/>\n<meta name=\"twitter:card\" content=\"summary_large_image\" \/>\n<meta name=\"twitter:label1\" content=\"Dur\u00e9e de lecture estim\u00e9e\" \/>\n\t<meta name=\"twitter:data1\" content=\"1 minute\" \/>\n<script type=\"application\/ld+json\" class=\"yoast-schema-graph\">{\"@context\":\"https:\/\/schema.org\",\"@graph\":[{\"@type\":\"WebPage\",\"@id\":\"https:\/\/www.yourhotelspa.com\/fr\/nous-contacter\/\",\"url\":\"https:\/\/www.yourhotelspa.com\/fr\/nous-contacter\/\",\"name\":\"Nous contacter - Your Hotel & Spa Alcoba\u00e7a\",\"isPartOf\":{\"@id\":\"https:\/\/www.yourhotelspa.com\/fr\/#website\"},\"datePublished\":\"2020-07-31T14:03:24+00:00\",\"dateModified\":\"2023-01-04T15:24:18+00:00\",\"breadcrumb\":{\"@id\":\"https:\/\/www.yourhotelspa.com\/fr\/nous-contacter\/#breadcrumb\"},\"inLanguage\":\"fr-FR\",\"potentialAction\":[{\"@type\":\"ReadAction\",\"target\":[\"https:\/\/www.yourhotelspa.com\/fr\/nous-contacter\/\"]}]},{\"@type\":\"BreadcrumbList\",\"@id\":\"https:\/\/www.yourhotelspa.com\/fr\/nous-contacter\/#breadcrumb\",\"itemListElement\":[{\"@type\":\"ListItem\",\"position\":1,\"name\":\"Home\",\"item\":\"https:\/\/www.yourhotelspa.com\/fr\/\"},{\"@type\":\"ListItem\",\"position\":2,\"name\":\"Nous contacter\"}]},{\"@type\":\"WebSite\",\"@id\":\"https:\/\/www.yourhotelspa.com\/fr\/#website\",\"url\":\"https:\/\/www.yourhotelspa.com\/fr\/\",\"name\":\"Your Hotel & Spa Alcoba\u00e7a\",\"description\":\"Just another ms.decms.eu site\",\"potentialAction\":[{\"@type\":\"SearchAction\",\"target\":{\"@type\":\"EntryPoint\",\"urlTemplate\":\"https:\/\/www.yourhotelspa.com\/fr\/?s={search_term_string}\"},\"query-input\":{\"@type\":\"PropertyValueSpecification\",\"valueRequired\":true,\"valueName\":\"search_term_string\"}}],\"inLanguage\":\"fr-FR\"}]}<\/script>\n<!-- \/ Yoast SEO plugin. -->","yoast_head_json":{"title":"Nous contacter - Your Hotel & Spa Alcoba\u00e7a","robots":{"index":"index","follow":"follow","max-snippet":"max-snippet:-1","max-image-preview":"max-image-preview:large","max-video-preview":"max-video-preview:-1"},"canonical":"https:\/\/www.yourhotelspa.com\/fr\/nous-contacter\/","og_locale":"fr_FR","og_type":"article","og_title":"Nous contacter - Your Hotel & Spa Alcoba\u00e7a","og_description":"ADRESSE Rua Manuel Rodrigues Serrazina, S\/N, Ferven\u00e7a, 2460-743 Vestiaria &#8211; Alcoba\u00e7a &#8211; Portugal CONTACTS INFO R\u00e9servation et Service \u00e0 la Client\u00e8le: T\u00e9l\u00e9phone: +351 262 505 370 (appel national par t\u00e9l\u00e9phone fixe) E-mail: reservas@yourhotelspa.com Thermale Spa: T\u00e9l\u00e9phone: +351 262 505 376 (appel national par t\u00e9l\u00e9phone fixe) E-mail: beyondspa@yourhotelspa.com Termas da Piedade: T\u00e9l\u00e9phone: +351 262 505 376 [&hellip;]","og_url":"https:\/\/www.yourhotelspa.com\/fr\/nous-contacter\/","og_site_name":"Your Hotel & Spa Alcoba\u00e7a","article_modified_time":"2023-01-04T15:24:18+00:00","twitter_card":"summary_large_image","twitter_misc":{"Dur\u00e9e de lecture estim\u00e9e":"1 minute"},"schema":{"@context":"https:\/\/schema.org","@graph":[{"@type":"WebPage","@id":"https:\/\/www.yourhotelspa.com\/fr\/nous-contacter\/","url":"https:\/\/www.yourhotelspa.com\/fr\/nous-contacter\/","name":"Nous contacter - Your Hotel & Spa Alcoba\u00e7a","isPartOf":{"@id":"https:\/\/www.yourhotelspa.com\/fr\/#website"},"datePublished":"2020-07-31T14:03:24+00:00","dateModified":"2023-01-04T15:24:18+00:00","breadcrumb":{"@id":"https:\/\/www.yourhotelspa.com\/fr\/nous-contacter\/#breadcrumb"},"inLanguage":"fr-FR","potentialAction":[{"@type":"ReadAction","target":["https:\/\/www.yourhotelspa.com\/fr\/nous-contacter\/"]}]},{"@type":"BreadcrumbList","@id":"https:\/\/www.yourhotelspa.com\/fr\/nous-contacter\/#breadcrumb","itemListElement":[{"@type":"ListItem","position":1,"name":"Home","item":"https:\/\/www.yourhotelspa.com\/fr\/"},{"@type":"ListItem","position":2,"name":"Nous contacter"}]},{"@type":"WebSite","@id":"https:\/\/www.yourhotelspa.com\/fr\/#website","url":"https:\/\/www.yourhotelspa.com\/fr\/","name":"Your Hotel & Spa Alcoba\u00e7a","description":"Just another ms.decms.eu site","potentialAction":[{"@type":"SearchAction","target":{"@type":"EntryPoint","urlTemplate":"https:\/\/www.yourhotelspa.com\/fr\/?s={search_term_string}"},"query-input":{"@type":"PropertyValueSpecification","valueRequired":true,"valueName":"search_term_string"}}],"inLanguage":"fr-FR"}]}},"acf":[],"_links":{"self":[{"href":"https:\/\/www.yourhotelspa.com\/fr\/wp-json\/wp\/v2\/pages\/770","targetHints":{"allow":["GET"]}}],"collection":[{"href":"https:\/\/www.yourhotelspa.com\/fr\/wp-json\/wp\/v2\/pages"}],"about":[{"href":"https:\/\/www.yourhotelspa.com\/fr\/wp-json\/wp\/v2\/types\/page"}],"author":[{"embeddable":true,"href":"https:\/\/www.yourhotelspa.com\/fr\/wp-json\/wp\/v2\/users\/4"}],"replies":[{"embeddable":true,"href":"https:\/\/www.yourhotelspa.com\/fr\/wp-json\/wp\/v2\/comments?post=770"}],"version-history":[{"count":0,"href":"https:\/\/www.yourhotelspa.com\/fr\/wp-json\/wp\/v2\/pages\/770\/revisions"}],"wp:attachment":[{"href":"https:\/\/www.yourhotelspa.com\/fr\/wp-json\/wp\/v2\/media?parent=770"}],"curies":[{"name":"wp","href":"https:\/\/api.w.org\/{rel}","templated":true}]}}