{"id":776,"date":"2020-07-31T14:17:38","date_gmt":"2020-07-31T14:17:38","guid":{"rendered":"http:\/\/your-hotel-spa-alcobaca.ms.decms.eu\/?page_id=776"},"modified":"2020-07-31T14:17:38","modified_gmt":"2020-07-31T14:17:38","slug":"avis-juridique","status":"publish","type":"page","link":"https:\/\/www.yourhotelspa.com\/fr\/avis-juridique\/","title":{"rendered":"Avis Juridique"},"content":{"rendered":"<p><strong>Avis Juridique &#8211; Protection des informations personnelles<\/strong><\/p>\n<p>Le code source, la conception graphique, l&rsquo;information et le contenu affich\u00e9 sur ce site sont prot\u00e9g\u00e9es par des droits de propri\u00e9t\u00e9 intellectuelle appartenant \u00e0 EUROSTARS HOTELS ou, dans certains cas, des individus et des tiers, et ne peuvent pas \u00eatre utilis\u00e9s sans autorisation \u00e9crite d&rsquo;EUROSTARS HOTELS ou des organisations propri\u00e9taires<\/p>\n<p>L&rsquo;utilisateur unique et exclusivement peut utiliser le mat\u00e9riel qui appara\u00eet ici pour un usage personnel et priv\u00e9, \u00e0 condition de respecter tous les droits de propri\u00e9t\u00e9 intellectuelle, propri\u00e9t\u00e9 industrielle et autres droits de propri\u00e9t\u00e9, \u00e9tant, par cons\u00e9quent, strictement interdit de reproduire ou autre type d&rsquo;utilisation commerciale ou des activit\u00e9s ill\u00e9gales, sa distribution, diffusion, modification, alt\u00e9ration, d\u00e9compilation ou stockage. br \/&gt; EUROSTARS HOTELS et les organisations de propri\u00e9t\u00e9s, qui ont \u00e9t\u00e9 mentionn\u00e9s pr\u00e9c\u00e9demment, pers\u00e9cuteront la violation des conditions ci-dessus et tout mauvais usage des contenus pr\u00e9sent\u00e9s exer\u00e7ant toutes les actions civiles et p\u00e9nales qui correspondent<\/p>\n<p><strong>Protection des informations personnelles<\/strong><\/p>\n<p>EUROSTARS HOTELS garantit \u00e0 tous les utilisateurs la plus grande confidentialit\u00e9 et protection des donn\u00e9es personnelles fournies pour s&rsquo;inscrire en ligne, conform\u00e9ment aux \u00e9xigences l\u00e9gales.<\/p>\n<p>En fournissant vos donn\u00e9es personnelles par voie \u00e9lectronique, vous consentez express\u00e9ment au traitement de ces donn\u00e9es par Eurostars Hotels en termes de la politique de confidentialit\u00e9. La politique peut changer, pour cette raison nous recommandons la consultation r\u00e9guli\u00e8re.<\/p>\n<p>Les donn\u00e9es personnelles fournies par les utilisateurs sont prot\u00e9g\u00e9s et leur manipulation est restreinte conform\u00e9ment \u00e0 la l\u00e9gislation espagnole refl\u00e8t\u00e9e dans la loi 15\/1999 du 13 d\u00e9cembre, \u00ab\u00a0\u00a0\u00bbLey Org\u00e1nica de Protecci\u00f3n de datos\u00a0\u00bb\u00a0\u00bb.<\/p>\n<p>Au moment o\u00f9 un utilisateur fournit ses donn\u00e9es personnelles, elles sont int\u00e9gr\u00e9es dans notre base de donn\u00e9es, utilis\u00e9e uniquement pour l&rsquo;enregistrement des utilisateurs et possible d&rsquo;envoyer des informations li\u00e9es au web.<\/p>\n<p>Ces donn\u00e9es sont stock\u00e9es sur un serveur appartenant et g\u00e9r\u00e9 par Eurostars Hotels.<\/p>\n<p>Eurostars Hotels garantit la confidentialit\u00e9 des donn\u00e9es fournies pour nos utilisateurs et veille \u00e0 ce que, en aucun cas elles puissent \u00eatre c\u00e9d\u00e9es ou vendues \u00e0 des tiers en dehors de notre groupe et utilis\u00e9es \u00e0 d&rsquo;autres fins que celle d\u00e9crite ci-dessus.<\/p>\n<p>En conformit\u00e9 avec la Loi 15\/1999 , D\u00e9cembre 13, protection des donn\u00e9es \u00e0 caract\u00e8re personnel, l&rsquo;utilisateur du site Web de la EUROSTARS HOTELS peut \u00e0 tout moment exercer sees droits d&rsquo;acc\u00e8s, de rectification, annulation et retrait du consentement appropri\u00e9 pour le transfert de donn\u00e9es aux termes de ladite loi et autres r\u00e8glements qui sont \u00e9labor\u00e9s. Pour ce faire, vous ne devez communiquer par \u00e9crit \u00e0 l&rsquo;adresse e-mail info@eurostarshotels.com fine en utilisant l&rsquo;option de d\u00e9sabonnement dans le menu de services \u00e0 la page d&rsquo;accueil du site.<\/p>\n<p>Les utilisateurs de la page web de Eurostars Hotels doit faire bon usage des services offerts sur le Web en conformit\u00e9 avec le droit applicable et de nos droits et la propri\u00e9t\u00e9 d&rsquo;autrui. En outre, les utilisateurs ne seront pas rendus par nos services, toute action qui cause des dommages ou la modification du contenu (tels que l&rsquo;introduction de virus informatiques) et ne doivent pas interf\u00e9rer avec ou de modifier le courrier \u00e9lectronique d&rsquo;autres utilisateurs. Sinon, Eurostars Hotels se r\u00e9serve le droit de supprimer l&rsquo;acc\u00e8s \u00e0 notre site Web.<\/p>\n<p>L&rsquo;enregistrement en tant qu&rsquo;utilisateur enregistr\u00e9 de ce site implique l&rsquo;acceptation des connaissances et explicite de tous les droits et obligations \u00e9nonc\u00e9s dans cette page .<\/p>\n","protected":false},"excerpt":{"rendered":"<p>Avis Juridique &#8211; Protection des informations personnelles Le code source, la conception graphique, l&rsquo;information et le contenu affich\u00e9 sur ce site sont prot\u00e9g\u00e9es par des droits de propri\u00e9t\u00e9 intellectuelle appartenant \u00e0 EUROSTARS HOTELS ou, dans certains cas, des individus et des tiers, et ne peuvent pas \u00eatre utilis\u00e9s sans autorisation \u00e9crite d&rsquo;EUROSTARS HOTELS ou des [&hellip;]<\/p>\n","protected":false},"author":4,"featured_media":0,"parent":0,"menu_order":120,"comment_status":"closed","ping_status":"closed","template":"","meta":{"footnotes":""},"class_list":["post-776","page","type-page","status-publish","hentry"],"yoast_head":"<!-- This site is optimized with the Yoast SEO plugin v26.9 - https:\/\/yoast.com\/product\/yoast-seo-wordpress\/ -->\n<title>Avis Juridique - Your Hotel &amp; Spa Alcoba\u00e7a<\/title>\n<meta name=\"robots\" content=\"index, follow, max-snippet:-1, max-image-preview:large, max-video-preview:-1\" \/>\n<link rel=\"canonical\" href=\"https:\/\/www.yourhotelspa.com\/fr\/avis-juridique\/\" \/>\n<meta property=\"og:locale\" content=\"fr_FR\" \/>\n<meta property=\"og:type\" content=\"article\" \/>\n<meta property=\"og:title\" content=\"Avis Juridique - Your Hotel &amp; Spa Alcoba\u00e7a\" \/>\n<meta property=\"og:description\" content=\"Avis Juridique &#8211; Protection des informations personnelles Le code source, la conception graphique, l&rsquo;information et le contenu affich\u00e9 sur ce site sont prot\u00e9g\u00e9es par des droits de propri\u00e9t\u00e9 intellectuelle appartenant \u00e0 EUROSTARS HOTELS ou, dans certains cas, des individus et des tiers, et ne peuvent pas \u00eatre utilis\u00e9s sans autorisation \u00e9crite d&rsquo;EUROSTARS HOTELS ou des [&hellip;]\" \/>\n<meta property=\"og:url\" content=\"https:\/\/www.yourhotelspa.com\/fr\/avis-juridique\/\" \/>\n<meta property=\"og:site_name\" content=\"Your Hotel &amp; Spa Alcoba\u00e7a\" \/>\n<meta name=\"twitter:card\" content=\"summary_large_image\" \/>\n<meta name=\"twitter:label1\" content=\"Dur\u00e9e de lecture estim\u00e9e\" \/>\n\t<meta name=\"twitter:data1\" content=\"3 minutes\" \/>\n<script type=\"application\/ld+json\" class=\"yoast-schema-graph\">{\"@context\":\"https:\/\/schema.org\",\"@graph\":[{\"@type\":\"WebPage\",\"@id\":\"https:\/\/www.yourhotelspa.com\/fr\/avis-juridique\/\",\"url\":\"https:\/\/www.yourhotelspa.com\/fr\/avis-juridique\/\",\"name\":\"Avis Juridique - Your Hotel & Spa Alcoba\u00e7a\",\"isPartOf\":{\"@id\":\"https:\/\/www.yourhotelspa.com\/fr\/#website\"},\"datePublished\":\"2020-07-31T14:17:38+00:00\",\"breadcrumb\":{\"@id\":\"https:\/\/www.yourhotelspa.com\/fr\/avis-juridique\/#breadcrumb\"},\"inLanguage\":\"fr-FR\",\"potentialAction\":[{\"@type\":\"ReadAction\",\"target\":[\"https:\/\/www.yourhotelspa.com\/fr\/avis-juridique\/\"]}]},{\"@type\":\"BreadcrumbList\",\"@id\":\"https:\/\/www.yourhotelspa.com\/fr\/avis-juridique\/#breadcrumb\",\"itemListElement\":[{\"@type\":\"ListItem\",\"position\":1,\"name\":\"Home\",\"item\":\"https:\/\/www.yourhotelspa.com\/fr\/\"},{\"@type\":\"ListItem\",\"position\":2,\"name\":\"Avis Juridique\"}]},{\"@type\":\"WebSite\",\"@id\":\"https:\/\/www.yourhotelspa.com\/fr\/#website\",\"url\":\"https:\/\/www.yourhotelspa.com\/fr\/\",\"name\":\"Your Hotel & Spa Alcoba\u00e7a\",\"description\":\"Just another ms.decms.eu site\",\"potentialAction\":[{\"@type\":\"SearchAction\",\"target\":{\"@type\":\"EntryPoint\",\"urlTemplate\":\"https:\/\/www.yourhotelspa.com\/fr\/?s={search_term_string}\"},\"query-input\":{\"@type\":\"PropertyValueSpecification\",\"valueRequired\":true,\"valueName\":\"search_term_string\"}}],\"inLanguage\":\"fr-FR\"}]}<\/script>\n<!-- \/ Yoast SEO plugin. -->","yoast_head_json":{"title":"Avis Juridique - Your Hotel & Spa Alcoba\u00e7a","robots":{"index":"index","follow":"follow","max-snippet":"max-snippet:-1","max-image-preview":"max-image-preview:large","max-video-preview":"max-video-preview:-1"},"canonical":"https:\/\/www.yourhotelspa.com\/fr\/avis-juridique\/","og_locale":"fr_FR","og_type":"article","og_title":"Avis Juridique - Your Hotel & Spa Alcoba\u00e7a","og_description":"Avis Juridique &#8211; Protection des informations personnelles Le code source, la conception graphique, l&rsquo;information et le contenu affich\u00e9 sur ce site sont prot\u00e9g\u00e9es par des droits de propri\u00e9t\u00e9 intellectuelle appartenant \u00e0 EUROSTARS HOTELS ou, dans certains cas, des individus et des tiers, et ne peuvent pas \u00eatre utilis\u00e9s sans autorisation \u00e9crite d&rsquo;EUROSTARS HOTELS ou des [&hellip;]","og_url":"https:\/\/www.yourhotelspa.com\/fr\/avis-juridique\/","og_site_name":"Your Hotel & Spa Alcoba\u00e7a","twitter_card":"summary_large_image","twitter_misc":{"Dur\u00e9e de lecture estim\u00e9e":"3 minutes"},"schema":{"@context":"https:\/\/schema.org","@graph":[{"@type":"WebPage","@id":"https:\/\/www.yourhotelspa.com\/fr\/avis-juridique\/","url":"https:\/\/www.yourhotelspa.com\/fr\/avis-juridique\/","name":"Avis Juridique - Your Hotel & Spa Alcoba\u00e7a","isPartOf":{"@id":"https:\/\/www.yourhotelspa.com\/fr\/#website"},"datePublished":"2020-07-31T14:17:38+00:00","breadcrumb":{"@id":"https:\/\/www.yourhotelspa.com\/fr\/avis-juridique\/#breadcrumb"},"inLanguage":"fr-FR","potentialAction":[{"@type":"ReadAction","target":["https:\/\/www.yourhotelspa.com\/fr\/avis-juridique\/"]}]},{"@type":"BreadcrumbList","@id":"https:\/\/www.yourhotelspa.com\/fr\/avis-juridique\/#breadcrumb","itemListElement":[{"@type":"ListItem","position":1,"name":"Home","item":"https:\/\/www.yourhotelspa.com\/fr\/"},{"@type":"ListItem","position":2,"name":"Avis Juridique"}]},{"@type":"WebSite","@id":"https:\/\/www.yourhotelspa.com\/fr\/#website","url":"https:\/\/www.yourhotelspa.com\/fr\/","name":"Your Hotel & Spa Alcoba\u00e7a","description":"Just another ms.decms.eu site","potentialAction":[{"@type":"SearchAction","target":{"@type":"EntryPoint","urlTemplate":"https:\/\/www.yourhotelspa.com\/fr\/?s={search_term_string}"},"query-input":{"@type":"PropertyValueSpecification","valueRequired":true,"valueName":"search_term_string"}}],"inLanguage":"fr-FR"}]}},"acf":[],"_links":{"self":[{"href":"https:\/\/www.yourhotelspa.com\/fr\/wp-json\/wp\/v2\/pages\/776","targetHints":{"allow":["GET"]}}],"collection":[{"href":"https:\/\/www.yourhotelspa.com\/fr\/wp-json\/wp\/v2\/pages"}],"about":[{"href":"https:\/\/www.yourhotelspa.com\/fr\/wp-json\/wp\/v2\/types\/page"}],"author":[{"embeddable":true,"href":"https:\/\/www.yourhotelspa.com\/fr\/wp-json\/wp\/v2\/users\/4"}],"replies":[{"embeddable":true,"href":"https:\/\/www.yourhotelspa.com\/fr\/wp-json\/wp\/v2\/comments?post=776"}],"version-history":[{"count":0,"href":"https:\/\/www.yourhotelspa.com\/fr\/wp-json\/wp\/v2\/pages\/776\/revisions"}],"wp:attachment":[{"href":"https:\/\/www.yourhotelspa.com\/fr\/wp-json\/wp\/v2\/media?parent=776"}],"curies":[{"name":"wp","href":"https:\/\/api.w.org\/{rel}","templated":true}]}}